{"id":76,"date":"2019-03-24T17:21:54","date_gmt":"2019-03-24T17:21:54","guid":{"rendered":"http:\/\/mst-lbc.de\/?page_id=76"},"modified":"2020-01-24T17:26:27","modified_gmt":"2020-01-24T17:26:27","slug":"homesite-von","status":"publish","type":"page","link":"https:\/\/mst-lbc.de\/","title":{"rendered":"Homesite von &#8230;"},"content":{"rendered":"\n<p>Mein LieblingsKuchen ist K\u00e4se<\/p>\n\n\n\n<p>und davon gibt es ganz unterschiedliche Varianten<\/p>\n\n\n\n<p class=\"has-text-color has-vivid-cyan-blue-color\">Am liebsten mag ich den &#8222;New York Cheesecake&#8220;<\/p>\n\n\n\n<p>aber den kann man oder frau nicht oft essen, der ist wuchtig:<\/p>\n\n\n\n<p class=\"has-text-color has-medium-font-size has-vivid-red-color\">New York Cheesecake<\/p>\n\n\n\n<p>Boden:<\/p>\n\n\n\n<p>1 Pkt. <a href=\"http:\/\/www.worldofsweets.de\/out\/pictures\/z1\/Brandt-Hobbits.jpg\">Hobbits von Brandt<\/a>\u00a0<\/p>\n\n\n\n<p>60 g geschmolzene Butter<\/p>\n\n\n\n<p>Butter zum Einstreichen der Springform<\/p>\n\n\n\n<p>30 g Zucker<\/p>\n\n\n\n<p>1 Prise Salz<\/p>\n\n\n\n<p>Cheesecake (26 cm):<\/p>\n\n\n\n<p>600 g Frischk\u00e4se Doppelrahmstufe 70%<\/p>\n\n\n\n<p>500 g Sahne Quark 40 %<\/p>\n\n\n\n<ul class=\"wp-block-list\"><li>270 g Zucker<\/li><\/ul>\n\n\n\n<p>60 g Mehl<\/p>\n\n\n\n<p>200 ml Sauerrahm<\/p>\n\n\n\n<p>1 Stange Vanillemark<\/p>\n\n\n\n<p>4 Eier<\/p>\n\n\n\n<p>Alle Zutaten sollten Raumtemperatur haben<\/p>\n\n\n\n<p>1. Ofen auf 180 Grad vorheizen<\/p>\n\n\n\n<p>2. Die Springform mit der Butter einfetten.<\/p>\n\n\n\n<p>3. Springform in Alufolie einwickeln, so dass kein Wasser in die Springform eintreten kann.<\/p>\n\n\n\n<p>4. Kekse zerkleinern. Nun die Kr\u00fcmel mit der geschmolzenen Butter und dem Zucker in einer Schale vermengen.<\/p>\n\n\n\n<p>5. Der Kr\u00fcmelzucker-Mix kommt nun in die Springform. Mit einem Glasboden flachdr\u00fccken.<\/p>\n\n\n\n<p>6. Nun kommt die Springform f\u00fcr ca. 15 Minuten in den K\u00fchlschrank. Dann f\u00fcr 15 Minuten in den Backofen, bis der Boden sch\u00f6n fest ist. Danach bitte komplett abk\u00fchlen lassen.<\/p>\n\n\n\n<p>7. Frischk\u00e4se und Quark in eine gro\u00dfe Sch\u00fcssel geben. Nun mixt ihr den Frischk\u00e4se gut durch bis er fluffig ist. Ca. 3 Minuten.<\/p>\n\n\n\n<p>8. In einer anderen Sch\u00fcssel verr\u00fchrt ihr nun mit einem Schneebesen den Zucker und das Mehl. Bei niedriger Stufe nun den Zucker-Mix nach und nach in die Sch\u00fcssel mit dem Frischk\u00e4se geben. Mixe so lang bis alles gut vermengt ist. Ein paar Minuten sollten es schon sein.<\/p>\n\n\n\n<p>9. Jetzt den Sauerrahm und die Vanille hinzugeben. Wieder gut durchmixen.<\/p>\n\n\n\n<p>10. Nun ein Ei nach dem Anderen dazugeben. Achte drauf, dass du nicht zu lange mixt. Nur so dass die Eier gerade so mit dem Rest vermengt sind.<\/p>\n\n\n\n<p>11. Jetzt bist du fast fertig. Den Wok bis zum oberen Rand in Alu Folie einwickeln. Jetzt kann die Frischk\u00e4sef\u00fcllung in die Springform gegossen werden. Die Springform kommt nun einen gro\u00dfen Wok.<\/p>\n\n\n\n<p>12. Ganz vorsichtig nun das kochende Wasser bis die Springform zur H\u00e4lfte im Wasser steht. Das kochende Wasser bewirkt, dass der Cheesecake keine Risse bekommt.<\/p>\n\n\n\n<p>13. Nun wird der Cheesecake f\u00fcr 80 Minuten gebacken (mittlere Schiene, Ober-\/Unterhitze). Wenn er oben zu dunkel wird Temperatur auf 160 Grad reduzieren und mit Alufolie abdecken.<\/p>\n\n\n\n<p>14. Nun bleibt der Cheesecake noch eine ganze Stunde bei halboffener Ofent\u00fcr im Ofen.<\/p>\n\n\n\n<p>15. Jetzt kannst du ihn rausnehmen, auf einem Gitterrost komplett abk\u00fchlen lassen. Die Springform noch nicht l\u00f6sen! Erst f\u00fcr ca. 6 Stunden oder \u00fcber Nacht im K\u00fchlschrank ruhen lassen.&nbsp;<\/p>\n\n\n\n<figure class=\"wp-block-image\"><img decoding=\"async\" src=\"blob:http:\/\/mst-lbc.de\/1039302f-a87f-4414-bf11-7ebcf86a1b58\" alt=\"pastedGraphic.png\"\/><\/figure>\n\n\n\n<p>16. Bevor du die Springform entfernst, gehe doch mit einem Messer nochmal am Rand entlang, damit er sich besser l\u00f6sen kann. Wenn du nun St\u00fccke schneiden m\u00f6chtest: Halte das Messer unter hei\u00dfes Wasser oder tauche es in hei\u00dfes Wasser, dann schneide ein St\u00fcck ab. Bevor du ein neues St\u00fcck schneidest, wiederhol den Vorgang. So bekommt man gleichm\u00e4\u00dfige, glatte Schnitte ohne das Kr\u00fcmel vom vorherigen St\u00fcck auf das neue St\u00fcck gelangen.<br>\n<\/p>\n\n\n\n<figure class=\"wp-block-image\"><img decoding=\"async\" src=\"blob:http:\/\/mst-lbc.de\/a41cd8a0-e726-48e4-98d7-6dd4cda02a36\" alt=\"pastedGraphic_1.png\"\/><\/figure>\n\n\n\n<figure class=\"wp-block-image\"><img decoding=\"async\" src=\"blob:http:\/\/mst-lbc.de\/1c57d6d4-f2c7-42ea-8c47-f37317aa13e2\" alt=\"pastedGraphic_2.png\"\/><\/figure>\n\n\n\n<figure class=\"wp-block-image\"><img decoding=\"async\" src=\"blob:http:\/\/mst-lbc.de\/7f863256-c70e-491c-9b59-4269ceb923ff\" alt=\"pastedGraphic_3.png\"\/><\/figure>\n\n\n\n<figure class=\"wp-block-image\"><img decoding=\"async\" src=\"blob:http:\/\/mst-lbc.de\/4be682c8-5aff-4629-889a-742d45fbed49\" alt=\"pastedGraphic_4.png\"\/><\/figure>\n","protected":false},"excerpt":{"rendered":"<p>Mein LieblingsKuchen ist K\u00e4se und davon gibt es ganz unterschiedliche Varianten Am liebsten mag ich den &#8222;New York Cheesecake&#8220; aber den kann man oder frau nicht oft essen, der ist wuchtig: New York Cheesecake Boden: 1 Pkt. Hobbits von Brandt\u00a0 60 g geschmolzene Butter Butter zum Einstreichen der Springform 30 g Zucker 1 Prise Salz &hellip; <\/p>\n<p class=\"link-more\"><a href=\"https:\/\/mst-lbc.de\/\" class=\"more-link\"><span class=\"screen-reader-text\">\u201eHomesite von &#8230;\u201c<\/span> weiterlesen<\/a><\/p>\n","protected":false},"author":1,"featured_media":0,"parent":0,"menu_order":0,"comment_status":"closed","ping_status":"closed","template":"","meta":{"footnotes":""},"class_list":["post-76","page","type-page","status-publish","hentry"],"_links":{"self":[{"href":"https:\/\/mst-lbc.de\/index.php?rest_route=\/wp\/v2\/pages\/76","targetHints":{"allow":["GET"]}}],"collection":[{"href":"https:\/\/mst-lbc.de\/index.php?rest_route=\/wp\/v2\/pages"}],"about":[{"href":"https:\/\/mst-lbc.de\/index.php?rest_route=\/wp\/v2\/types\/page"}],"author":[{"embeddable":true,"href":"https:\/\/mst-lbc.de\/index.php?rest_route=\/wp\/v2\/users\/1"}],"replies":[{"embeddable":true,"href":"https:\/\/mst-lbc.de\/index.php?rest_route=%2Fwp%2Fv2%2Fcomments&post=76"}],"version-history":[{"count":2,"href":"https:\/\/mst-lbc.de\/index.php?rest_route=\/wp\/v2\/pages\/76\/revisions"}],"predecessor-version":[{"id":91,"href":"https:\/\/mst-lbc.de\/index.php?rest_route=\/wp\/v2\/pages\/76\/revisions\/91"}],"wp:attachment":[{"href":"https:\/\/mst-lbc.de\/index.php?rest_route=%2Fwp%2Fv2%2Fmedia&parent=76"}],"curies":[{"name":"wp","href":"https:\/\/api.w.org\/{rel}","templated":true}]}}